{"id":47,"date":"2024-12-10T10:56:50","date_gmt":"2024-12-10T09:56:50","guid":{"rendered":"https:\/\/autopilotgermany.com\/en\/?page_id=47"},"modified":"2025-09-11T14:35:45","modified_gmt":"2025-09-11T12:35:45","slug":"imprint","status":"publish","type":"page","link":"https:\/\/autopilotgermany.com\/en\/imprint\/","title":{"rendered":"Imprint"},"content":{"rendered":"<p>[et_pb_section fb_built=&#8221;1&#8243; admin_label=&#8221;rechtstexte&#8221; module_id=&#8221;wrapper_03_rechtstexte&#8221; module_class=&#8221;wrapper_03_rechtstexte&#8221; _builder_version=&#8221;4.27.2&#8243; _module_preset=&#8221;default&#8221; background_color=&#8221;RGBA(255,255,255,0)&#8221; locked=&#8221;off&#8221; global_colors_info=&#8221;{}&#8221;][et_pb_row admin_label=&#8221;rechtstexte&#8221; module_id=&#8221;wrapper_02_rechtstexte&#8221; module_class=&#8221;wrapper_02_rechtstexte&#8221; _builder_version=&#8221;4.27.2&#8243; _module_preset=&#8221;default&#8221; global_colors_info=&#8221;{}&#8221;][et_pb_column type=&#8221;4_4&#8243; _builder_version=&#8221;4.27.0&#8243; _module_preset=&#8221;default&#8221; global_colors_info=&#8221;{}&#8221;][et_pb_text admin_label=&#8221;rechtstexte_headline&#8221; module_id=&#8221;wrapper_01_rechtstexte_headline&#8221; module_class=&#8221;wrapper_01_rechtstexte_headline&#8221; _builder_version=&#8221;4.27.4&#8243; _module_preset=&#8221;default&#8221; global_colors_info=&#8221;{}&#8221;]<\/p>\n<h1>Imprint<\/h1>\n<p>[\/et_pb_text][et_pb_text admin_label=&#8221;rechtstexte_copy&#8221; module_id=&#8221;wrapper_01_rechtstexte_copy&#8221; module_class=&#8221;wrapper_01_rechtstexte_copy&#8221; _builder_version=&#8221;4.27.4&#8243; _module_preset=&#8221;default&#8221; hover_enabled=&#8221;0&#8243; global_colors_info=&#8221;{}&#8221; sticky_enabled=&#8221;0&#8243;]<\/p>\n<h2>Responsible:<\/h2>\n<p>Autopilot UG (haftungsbeschr\u00e4nkt)<br \/>\nS\u00fcdliche M\u00fcnchner Stra\u00dfe 66<br \/>\n82031 Gr\u00fcnwald<br \/>\nGermany<\/p>\n<h2>Contact:<\/h2>\n<p><strong>E-Mail:<\/strong> info@autopilotgermany.com<\/p>\n<h2>Register entry:<\/h2>\n<p><strong>Court of registration:<\/strong> M\u00fcnchen<br \/>\n<strong>egister number:<\/strong> HRB 250246<br \/>\n<strong>Managing Director:<\/strong> Kornelija Odri\u010di\u0107<br \/>\n<strong>VAT ID:<\/strong>VAT identification number in accordance with \u00a7 27 a of the Value Added Tax Act: DE327919565<\/p>\n<h2>Business number:<\/h2>\n<p>Platform of the EU Commission for online dispute resolution: https:\/\/ec.europa.eu\/consumers\/odr\/main\/index.cfm<\/p>\n<h2>Supervisory authority:<\/h2>\n<p>We are neither obliged nor willing to participate in dispute resolution proceedings before a consumer arbitration board.<\/p>\n<h2>Disclaimer<\/h2>\n<h4>1. Liability for content<\/h4>\n<p>As a service provider, we are responsible for our own content on these pages in accordance with Section 7 (1) TMG (German Telemedia Act) and general legislation. According to \u00a7\u00a7 8 to 10 TMG, however, we as a service provider are not obliged to monitor transmitted or stored third-party information or to investigate circumstances that indicate illegal activity. Obligations to remove or block the use of information in accordance with general legislation remain unaffected by this. However, liability in this respect is only possible from the time of knowledge of a specific infringement. As soon as we become aware of such infringements, we will remove this content immediately.<\/p>\n<h4>2 Liability for links<\/h4>\n<p>Our website contains links to external third-party websites over whose content we have no influence. Therefore, we cannot accept any liability for this third-party content. The respective provider or operator of the pages is always responsible for the content of the linked pages. The linked pages were checked for possible legal violations at the time of linking. Illegal contents were not recognisable at the time of linking. However, permanent monitoring of the linked pages is not reasonable without concrete evidence of an infringement. If we become aware of any legal infringements, we will remove such links immediately.<\/p>\n<h4>3. Copyright and labelling law<\/h4>\n<p>The content and works created by us on these pages are subject to German copyright law. Reproduction, editing, distribution and any kind of utilisation outside the limits of copyright law require the written consent of the respective author or creator. Downloads and copies of this site are only permitted for private, non-commercial use. Insofar as the content on this site was not created by the operator, the copyrights of third parties are respected. In particular, third-party content is labelled as such. Should you nevertheless become aware of a copyright infringement, please inform us accordingly. If we become aware of any infringements, we will remove such content immediately.<\/p>\n<h4>4. Legal validity of this disclaimer<\/h4>\n<p>This disclaimer is to be regarded as part of the internet publication which you were referred from. If sections or individual terms of this statement are not legal or correct, the content or validity of the other parts remain uninfluenced by this fact.[\/et_pb_text][\/et_pb_column][\/et_pb_row][\/et_pb_section]<\/p>\n","protected":false},"excerpt":{"rendered":"<p>ImprintResponsible: Autopilot UG (haftungsbeschr\u00e4nkt) S\u00fcdliche M\u00fcnchner Stra\u00dfe 66 82031 Gr\u00fcnwald Germany Contact: E-Mail: info@autopilotgermany.com Register entry: Court of registration: M\u00fcnchen egister number: HRB 250246 Managing Director: Kornelija Odri\u010di\u0107 VAT ID:VAT identification number in accordance with \u00a7 27 a of the Value Added Tax Act: DE327919565 Business number: Platform of the EU Commission for online dispute [&hellip;]<\/p>\n","protected":false},"author":3,"featured_media":0,"parent":0,"menu_order":0,"comment_status":"closed","ping_status":"closed","template":"","meta":{"_et_pb_use_builder":"on","_et_pb_old_content":"","_et_gb_content_width":"","footnotes":""},"dipi_cpt_category":[],"class_list":["post-47","page","type-page","status-publish","hentry"],"yoast_head":"<!-- This site is optimized with the Yoast SEO plugin v24.2 - https:\/\/yoast.com\/wordpress\/plugins\/seo\/ -->\n<title>Imprint - Autotransport Bavaria<\/title>\n<meta name=\"robots\" content=\"index, follow, max-snippet:-1, max-image-preview:large, max-video-preview:-1\" \/>\n<link rel=\"canonical\" href=\"https:\/\/autopilotgermany.com\/en\/imprint\/\" \/>\n<meta property=\"og:locale\" content=\"en_GB\" \/>\n<meta property=\"og:type\" content=\"article\" \/>\n<meta property=\"og:title\" content=\"Imprint - Autotransport Bavaria\" \/>\n<meta property=\"og:description\" content=\"ImprintResponsible: Autopilot UG (haftungsbeschr\u00e4nkt) S\u00fcdliche M\u00fcnchner Stra\u00dfe 66 82031 Gr\u00fcnwald Germany Contact: E-Mail: info@autopilotgermany.com Register entry: Court of registration: M\u00fcnchen egister number: HRB 250246 Managing Director: Kornelija Odri\u010di\u0107 VAT ID:VAT identification number in accordance with \u00a7 27 a of the Value Added Tax Act: DE327919565 Business number: Platform of the EU Commission for online dispute [&hellip;]\" \/>\n<meta property=\"og:url\" content=\"https:\/\/autopilotgermany.com\/en\/imprint\/\" \/>\n<meta property=\"og:site_name\" content=\"Autotransport Bavaria\" \/>\n<meta property=\"article:modified_time\" content=\"2025-09-11T12:35:45+00:00\" \/>\n<meta name=\"twitter:card\" content=\"summary_large_image\" \/>\n<script type=\"application\/ld+json\" class=\"yoast-schema-graph\">{\"@context\":\"https:\/\/schema.org\",\"@graph\":[{\"@type\":\"WebPage\",\"@id\":\"https:\/\/autopilotgermany.com\/en\/imprint\/\",\"url\":\"https:\/\/autopilotgermany.com\/en\/imprint\/\",\"name\":\"Imprint - Autotransport Bavaria\",\"isPartOf\":{\"@id\":\"https:\/\/autopilotgermany.com\/en\/#website\"},\"datePublished\":\"2024-12-10T09:56:50+00:00\",\"dateModified\":\"2025-09-11T12:35:45+00:00\",\"breadcrumb\":{\"@id\":\"https:\/\/autopilotgermany.com\/en\/imprint\/#breadcrumb\"},\"inLanguage\":\"en-GB\",\"potentialAction\":[{\"@type\":\"ReadAction\",\"target\":[\"https:\/\/autopilotgermany.com\/en\/imprint\/\"]}]},{\"@type\":\"BreadcrumbList\",\"@id\":\"https:\/\/autopilotgermany.com\/en\/imprint\/#breadcrumb\",\"itemListElement\":[{\"@type\":\"ListItem\",\"position\":1,\"name\":\"Startseite\",\"item\":\"https:\/\/autopilotgermany.com\/en\/\"},{\"@type\":\"ListItem\",\"position\":2,\"name\":\"Imprint\"}]},{\"@type\":\"WebSite\",\"@id\":\"https:\/\/autopilotgermany.com\/en\/#website\",\"url\":\"https:\/\/autopilotgermany.com\/en\/\",\"name\":\"Autotransport Bavaria\",\"description\":\"Autopilot - Exclusive vehicle transfer.\",\"potentialAction\":[{\"@type\":\"SearchAction\",\"target\":{\"@type\":\"EntryPoint\",\"urlTemplate\":\"https:\/\/autopilotgermany.com\/en\/?s={search_term_string}\"},\"query-input\":{\"@type\":\"PropertyValueSpecification\",\"valueRequired\":true,\"valueName\":\"search_term_string\"}}],\"inLanguage\":\"en-GB\"}]}<\/script>\n<!-- \/ Yoast SEO plugin. -->","yoast_head_json":{"title":"Imprint - Autotransport Bavaria","robots":{"index":"index","follow":"follow","max-snippet":"max-snippet:-1","max-image-preview":"max-image-preview:large","max-video-preview":"max-video-preview:-1"},"canonical":"https:\/\/autopilotgermany.com\/en\/imprint\/","og_locale":"en_GB","og_type":"article","og_title":"Imprint - Autotransport Bavaria","og_description":"ImprintResponsible: Autopilot UG (haftungsbeschr\u00e4nkt) S\u00fcdliche M\u00fcnchner Stra\u00dfe 66 82031 Gr\u00fcnwald Germany Contact: E-Mail: info@autopilotgermany.com Register entry: Court of registration: M\u00fcnchen egister number: HRB 250246 Managing Director: Kornelija Odri\u010di\u0107 VAT ID:VAT identification number in accordance with \u00a7 27 a of the Value Added Tax Act: DE327919565 Business number: Platform of the EU Commission for online dispute [&hellip;]","og_url":"https:\/\/autopilotgermany.com\/en\/imprint\/","og_site_name":"Autotransport Bavaria","article_modified_time":"2025-09-11T12:35:45+00:00","twitter_card":"summary_large_image","schema":{"@context":"https:\/\/schema.org","@graph":[{"@type":"WebPage","@id":"https:\/\/autopilotgermany.com\/en\/imprint\/","url":"https:\/\/autopilotgermany.com\/en\/imprint\/","name":"Imprint - Autotransport Bavaria","isPartOf":{"@id":"https:\/\/autopilotgermany.com\/en\/#website"},"datePublished":"2024-12-10T09:56:50+00:00","dateModified":"2025-09-11T12:35:45+00:00","breadcrumb":{"@id":"https:\/\/autopilotgermany.com\/en\/imprint\/#breadcrumb"},"inLanguage":"en-GB","potentialAction":[{"@type":"ReadAction","target":["https:\/\/autopilotgermany.com\/en\/imprint\/"]}]},{"@type":"BreadcrumbList","@id":"https:\/\/autopilotgermany.com\/en\/imprint\/#breadcrumb","itemListElement":[{"@type":"ListItem","position":1,"name":"Startseite","item":"https:\/\/autopilotgermany.com\/en\/"},{"@type":"ListItem","position":2,"name":"Imprint"}]},{"@type":"WebSite","@id":"https:\/\/autopilotgermany.com\/en\/#website","url":"https:\/\/autopilotgermany.com\/en\/","name":"Autotransport Bavaria","description":"Autopilot - Exclusive vehicle transfer.","potentialAction":[{"@type":"SearchAction","target":{"@type":"EntryPoint","urlTemplate":"https:\/\/autopilotgermany.com\/en\/?s={search_term_string}"},"query-input":{"@type":"PropertyValueSpecification","valueRequired":true,"valueName":"search_term_string"}}],"inLanguage":"en-GB"}]}},"_links":{"self":[{"href":"https:\/\/autopilotgermany.com\/en\/wp-json\/wp\/v2\/pages\/47","targetHints":{"allow":["GET"]}}],"collection":[{"href":"https:\/\/autopilotgermany.com\/en\/wp-json\/wp\/v2\/pages"}],"about":[{"href":"https:\/\/autopilotgermany.com\/en\/wp-json\/wp\/v2\/types\/page"}],"author":[{"embeddable":true,"href":"https:\/\/autopilotgermany.com\/en\/wp-json\/wp\/v2\/users\/3"}],"replies":[{"embeddable":true,"href":"https:\/\/autopilotgermany.com\/en\/wp-json\/wp\/v2\/comments?post=47"}],"version-history":[{"count":4,"href":"https:\/\/autopilotgermany.com\/en\/wp-json\/wp\/v2\/pages\/47\/revisions"}],"predecessor-version":[{"id":221,"href":"https:\/\/autopilotgermany.com\/en\/wp-json\/wp\/v2\/pages\/47\/revisions\/221"}],"wp:attachment":[{"href":"https:\/\/autopilotgermany.com\/en\/wp-json\/wp\/v2\/media?parent=47"}],"wp:term":[{"taxonomy":"dipi_cpt_category","embeddable":true,"href":"https:\/\/autopilotgermany.com\/en\/wp-json\/wp\/v2\/dipi_cpt_category?post=47"}],"curies":[{"name":"wp","href":"https:\/\/api.w.org\/{rel}","templated":true}]}}